{"id":2958,"date":"2020-11-04T12:44:34","date_gmt":"2020-11-04T12:44:34","guid":{"rendered":"https:\/\/mamashelter.com\/belgrade\/faq\/"},"modified":"2023-01-23T14:17:08","modified_gmt":"2023-01-23T14:17:08","slug":"faq","status":"publish","type":"page","link":"https:\/\/sr.mamashelter.com\/belgrade\/faq\/","title":{"rendered":"FAQ"},"content":{"rendered":"<p><br data-mce-bogus=\"1\"><\/p>\n","protected":false},"excerpt":{"rendered":"","protected":false},"author":3,"featured_media":0,"parent":0,"menu_order":0,"comment_status":"closed","ping_status":"closed","template":"page-faq.php","meta":{"footnotes":""},"class_list":["post-2958","page","type-page","status-publish","hentry"],"acf":[],"yoast_head":"<!-- This site is optimized with the Yoast SEO plugin v20.13 - https:\/\/yoast.com\/wordpress\/plugins\/seo\/ -->\n<title>Naj\u010de\u0161\u0107e postavljena pitanja (FAQ) | Mama Shelter<\/title>\n<meta name=\"description\" content=\"Ima\u0161 pitanje u vezi na\u0161ih Mama? Pitanje o nama generalno? Odgovor mo\u017ee biti u na\u0161em FAQ. Ako nije, slobodno nas kontaktiraj direktno!\" \/>\n<meta name=\"robots\" content=\"index, follow, max-snippet:-1, max-image-preview:large, max-video-preview:-1\" \/>\n<link rel=\"canonical\" href=\"https:\/\/sr.mamashelter.com\/belgrade\/faq\/\" \/>\n<meta property=\"og:locale\" content=\"sr_RS\" \/>\n<meta property=\"og:type\" content=\"article\" \/>\n<meta property=\"og:title\" content=\"Naj\u010de\u0161\u0107e postavljena pitanja (FAQ) | Mama Shelter\" \/>\n<meta property=\"og:description\" content=\"Ima\u0161 pitanje u vezi na\u0161ih Mama? Pitanje o nama generalno? Odgovor mo\u017ee biti u na\u0161em FAQ. Ako nije, slobodno nas kontaktiraj direktno!\" \/>\n<meta property=\"og:url\" content=\"https:\/\/sr.mamashelter.com\/belgrade\/faq\/\" \/>\n<meta property=\"og:site_name\" content=\"Belgrade\" \/>\n<meta property=\"article:modified_time\" content=\"2023-01-23T14:17:08+00:00\" \/>\n<meta name=\"twitter:card\" content=\"summary_large_image\" \/>\n<script type=\"application\/ld+json\" class=\"yoast-schema-graph\">{\"@context\":\"https:\/\/schema.org\",\"@graph\":[{\"@type\":\"WebPage\",\"@id\":\"https:\/\/sr.mamashelter.com\/belgrade\/faq\/\",\"url\":\"https:\/\/sr.mamashelter.com\/belgrade\/faq\/\",\"name\":\"Naj\u010de\u0161\u0107e postavljena pitanja (FAQ) | Mama Shelter\",\"isPartOf\":{\"@id\":\"https:\/\/sr.mamashelter.com\/belgrade\/#website\"},\"datePublished\":\"2020-11-04T12:44:34+00:00\",\"dateModified\":\"2023-01-23T14:17:08+00:00\",\"description\":\"Ima\u0161 pitanje u vezi na\u0161ih Mama? Pitanje o nama generalno? Odgovor mo\u017ee biti u na\u0161em FAQ. Ako nije, slobodno nas kontaktiraj direktno!\",\"breadcrumb\":{\"@id\":\"https:\/\/sr.mamashelter.com\/belgrade\/faq\/#breadcrumb\"},\"inLanguage\":\"sr-RS\",\"potentialAction\":[{\"@type\":\"ReadAction\",\"target\":[\"https:\/\/sr.mamashelter.com\/belgrade\/faq\/\"]}]},{\"@type\":\"BreadcrumbList\",\"@id\":\"https:\/\/sr.mamashelter.com\/belgrade\/faq\/#breadcrumb\",\"itemListElement\":[{\"@type\":\"ListItem\",\"position\":1,\"name\":\"Home\",\"item\":\"https:\/\/sr.mamashelter.com\/belgrade\/\"},{\"@type\":\"ListItem\",\"position\":2,\"name\":\"FAQ\"}]},{\"@type\":\"WebSite\",\"@id\":\"https:\/\/sr.mamashelter.com\/belgrade\/#website\",\"url\":\"https:\/\/sr.mamashelter.com\/belgrade\/\",\"name\":\"Belgrade\",\"description\":\"Mama Shelter\",\"potentialAction\":[{\"@type\":\"SearchAction\",\"target\":{\"@type\":\"EntryPoint\",\"urlTemplate\":\"https:\/\/sr.mamashelter.com\/belgrade\/?s={search_term_string}\"},\"query-input\":\"required name=search_term_string\"}],\"inLanguage\":\"sr-RS\"}]}<\/script>\n<!-- \/ Yoast SEO plugin. -->","yoast_head_json":{"title":"Naj\u010de\u0161\u0107e postavljena pitanja (FAQ) | Mama Shelter","description":"Ima\u0161 pitanje u vezi na\u0161ih Mama? Pitanje o nama generalno? Odgovor mo\u017ee biti u na\u0161em FAQ. Ako nije, slobodno nas kontaktiraj direktno!","robots":{"index":"index","follow":"follow","max-snippet":"max-snippet:-1","max-image-preview":"max-image-preview:large","max-video-preview":"max-video-preview:-1"},"canonical":"https:\/\/sr.mamashelter.com\/belgrade\/faq\/","og_locale":"sr_RS","og_type":"article","og_title":"Naj\u010de\u0161\u0107e postavljena pitanja (FAQ) | Mama Shelter","og_description":"Ima\u0161 pitanje u vezi na\u0161ih Mama? Pitanje o nama generalno? Odgovor mo\u017ee biti u na\u0161em FAQ. Ako nije, slobodno nas kontaktiraj direktno!","og_url":"https:\/\/sr.mamashelter.com\/belgrade\/faq\/","og_site_name":"Belgrade","article_modified_time":"2023-01-23T14:17:08+00:00","twitter_card":"summary_large_image","schema":{"@context":"https:\/\/schema.org","@graph":[{"@type":"WebPage","@id":"https:\/\/sr.mamashelter.com\/belgrade\/faq\/","url":"https:\/\/sr.mamashelter.com\/belgrade\/faq\/","name":"Naj\u010de\u0161\u0107e postavljena pitanja (FAQ) | Mama Shelter","isPartOf":{"@id":"https:\/\/sr.mamashelter.com\/belgrade\/#website"},"datePublished":"2020-11-04T12:44:34+00:00","dateModified":"2023-01-23T14:17:08+00:00","description":"Ima\u0161 pitanje u vezi na\u0161ih Mama? Pitanje o nama generalno? Odgovor mo\u017ee biti u na\u0161em FAQ. Ako nije, slobodno nas kontaktiraj direktno!","breadcrumb":{"@id":"https:\/\/sr.mamashelter.com\/belgrade\/faq\/#breadcrumb"},"inLanguage":"sr-RS","potentialAction":[{"@type":"ReadAction","target":["https:\/\/sr.mamashelter.com\/belgrade\/faq\/"]}]},{"@type":"BreadcrumbList","@id":"https:\/\/sr.mamashelter.com\/belgrade\/faq\/#breadcrumb","itemListElement":[{"@type":"ListItem","position":1,"name":"Home","item":"https:\/\/sr.mamashelter.com\/belgrade\/"},{"@type":"ListItem","position":2,"name":"FAQ"}]},{"@type":"WebSite","@id":"https:\/\/sr.mamashelter.com\/belgrade\/#website","url":"https:\/\/sr.mamashelter.com\/belgrade\/","name":"Belgrade","description":"Mama Shelter","potentialAction":[{"@type":"SearchAction","target":{"@type":"EntryPoint","urlTemplate":"https:\/\/sr.mamashelter.com\/belgrade\/?s={search_term_string}"},"query-input":"required name=search_term_string"}],"inLanguage":"sr-RS"}]}},"jetpack_sharing_enabled":true,"_links":{"self":[{"href":"https:\/\/sr.mamashelter.com\/belgrade\/wp-json\/wp\/v2\/pages\/2958","targetHints":{"allow":["GET"]}}],"collection":[{"href":"https:\/\/sr.mamashelter.com\/belgrade\/wp-json\/wp\/v2\/pages"}],"about":[{"href":"https:\/\/sr.mamashelter.com\/belgrade\/wp-json\/wp\/v2\/types\/page"}],"author":[{"embeddable":true,"href":"https:\/\/sr.mamashelter.com\/belgrade\/wp-json\/wp\/v2\/users\/3"}],"replies":[{"embeddable":true,"href":"https:\/\/sr.mamashelter.com\/belgrade\/wp-json\/wp\/v2\/comments?post=2958"}],"version-history":[{"count":0,"href":"https:\/\/sr.mamashelter.com\/belgrade\/wp-json\/wp\/v2\/pages\/2958\/revisions"}],"wp:attachment":[{"href":"https:\/\/sr.mamashelter.com\/belgrade\/wp-json\/wp\/v2\/media?parent=2958"}],"curies":[{"name":"wp","href":"https:\/\/api.w.org\/{rel}","templated":true}]}}